{"id":477,"date":"2025-11-03T08:00:22","date_gmt":"2025-11-03T08:00:22","guid":{"rendered":"https:\/\/collegecardio.com\/?page_id=477"},"modified":"2025-11-03T08:10:51","modified_gmt":"2025-11-03T08:10:51","slug":"19eme-congres-2024","status":"publish","type":"page","link":"https:\/\/collegecardio.com\/index.php\/19eme-congres-2024\/","title":{"rendered":"19\u00e8me Congr\u00e8s 2024"},"content":{"rendered":"<div class=\"fusion-fullwidth fullwidth-box fusion-builder-row-1 fusion-flex-container has-pattern-background has-mask-background nonhundred-percent-fullwidth non-hundred-percent-height-scrolling\" style=\"--awb-border-radius-top-left:0px;--awb-border-radius-top-right:0px;--awb-border-radius-bottom-right:0px;--awb-border-radius-bottom-left:0px;\" ><div class=\"fusion-builder-row fusion-row fusion-flex-align-items-flex-start\" style=\"max-width:1248px;margin-left: calc(-4% \/ 2 );margin-right: calc(-4% \/ 2 );\"><div class=\"fusion-layout-column fusion_builder_column fusion-builder-column-0 fusion_builder_column_1_2 1_2 fusion-flex-column\" style=\"--awb-bg-size:cover;--awb-width-large:50%;--awb-margin-top-large:0px;--awb-spacing-right-large:3.84%;--awb-margin-bottom-large:20px;--awb-spacing-left-large:3.84%;--awb-width-medium:50%;--awb-order-medium:0;--awb-spacing-right-medium:3.84%;--awb-spacing-left-medium:3.84%;--awb-width-small:100%;--awb-order-small:0;--awb-spacing-right-small:1.92%;--awb-spacing-left-small:1.92%;\"><div class=\"fusion-column-wrapper fusion-column-has-shadow fusion-flex-justify-content-flex-start fusion-content-layout-column\"><div class=\"fusion-image-element \" style=\"--awb-caption-title-size:var(--h2_typography-font-size);--awb-caption-title-transform:var(--h2_typography-text-transform);--awb-caption-title-line-height:var(--h2_typography-line-height);--awb-caption-title-letter-spacing:var(--h2_typography-letter-spacing);\"><span class=\" fusion-imageframe imageframe-none imageframe-1 hover-type-none\"><img decoding=\"async\" width=\"728\" height=\"1024\" title=\"2\" src=\"https:\/\/collegecardio.com\/wp-content\/uploads\/2024\/04\/2-728x1024.jpg\" alt class=\"img-responsive wp-image-279\" srcset=\"https:\/\/collegecardio.com\/wp-content\/uploads\/2024\/04\/2-200x281.jpg 200w, https:\/\/collegecardio.com\/wp-content\/uploads\/2024\/04\/2-400x562.jpg 400w, https:\/\/collegecardio.com\/wp-content\/uploads\/2024\/04\/2-600x844.jpg 600w, https:\/\/collegecardio.com\/wp-content\/uploads\/2024\/04\/2-800x1125.jpg 800w, https:\/\/collegecardio.com\/wp-content\/uploads\/2024\/04\/2.jpg 1200w\" sizes=\"(max-width: 640px) 100vw, 600px\" \/><\/span><\/div><\/div><\/div><div class=\"fusion-layout-column fusion_builder_column fusion-builder-column-1 fusion_builder_column_1_2 1_2 fusion-flex-column\" style=\"--awb-bg-size:cover;--awb-width-large:50%;--awb-margin-top-large:0px;--awb-spacing-right-large:3.84%;--awb-margin-bottom-large:20px;--awb-spacing-left-large:3.84%;--awb-width-medium:50%;--awb-order-medium:0;--awb-spacing-right-medium:3.84%;--awb-spacing-left-medium:3.84%;--awb-width-small:100%;--awb-order-small:0;--awb-spacing-right-small:1.92%;--awb-spacing-left-small:1.92%;\"><div class=\"fusion-column-wrapper fusion-column-has-shadow fusion-flex-justify-content-flex-start fusion-content-layout-column\"><div class=\"fusion-text fusion-text-1\"><p><b style=\"color: var(--awb-color4);\" data-fusion-font=\"true\"><span style=\"color: var(--awb-color5);\"><span style=\"font-size: 34px;\">19<\/span><span style=\"font-size: 24px;\">\u00e8me Congr\u00e8s Nationl de Cardiologie Pratique<\/span><\/span><\/b><\/p>\n<\/div><div ><a class=\"fusion-button button-flat button-large button-custom fusion-button-default button-1 fusion-button-span-yes fusion-button-default-type\" style=\"--button_accent_color:var(--awb-color1);--button_accent_hover_color:var(--awb-color1);--button_border_hover_color:var(--awb-color1);--button_gradient_top_color:var(--awb-color4);--button_gradient_bottom_color:var(--awb-color4);--button_gradient_top_color_hover:var(--awb-color4);--button_gradient_bottom_color_hover:var(--awb-color4);--button_margin-top:10px;--button_margin-bottom:20px;\" target=\"_self\" href=\"https:\/\/collegecardio.com\/wp-content\/uploads\/2024\/09\/ProgrammeCACL2024.pdf\"><span class=\"fusion-button-text\">Programme<\/span><\/a><\/div><div ><a class=\"fusion-button button-flat button-large button-custom fusion-button-default button-2 fusion-button-span-yes fusion-button-default-type\" style=\"--button_accent_color:var(--awb-color1);--button_accent_hover_color:var(--awb-color1);--button_border_hover_color:var(--awb-color1);--button_gradient_top_color:var(--awb-color4);--button_gradient_bottom_color:var(--awb-color4);--button_gradient_top_color_hover:var(--awb-color4);--button_gradient_bottom_color_hover:var(--awb-color4);--button_margin-top:10px;--button_margin-bottom:10px;\" target=\"_self\"><span class=\"fusion-button-text\">Communications pr\u00e9sent\u00e9es ( bient\u00f4t disponibles )<\/span><\/a><\/div><div ><a class=\"fusion-button button-flat button-large button-custom fusion-button-default button-3 fusion-button-span-yes fusion-button-default-type\" style=\"--button_accent_color:var(--awb-color1);--button_accent_hover_color:var(--awb-color1);--button_border_hover_color:var(--awb-color1);--button_gradient_top_color:var(--awb-color5);--button_gradient_bottom_color:var(--awb-color5);--button_gradient_top_color_hover:#ba0031;--button_gradient_bottom_color_hover:#ba0031;--button_margin-top:10px;--button_margin-bottom:20px;\" target=\"_self\" href=\"https:\/\/collegecardio.com\/wp-content\/uploads\/2024\/09\/programme-ateliers-scaled.jpg\"><span class=\"fusion-button-text\">Programme Des Ateliers<\/span><\/a><\/div><div ><a class=\"fusion-button button-flat button-large button-custom fusion-button-default button-4 fusion-button-span-yes fusion-button-default-type\" style=\"--button_accent_color:var(--awb-color1);--button_accent_hover_color:var(--awb-color1);--button_border_hover_color:var(--awb-color1);--button_gradient_top_color:var(--awb-color5);--button_gradient_bottom_color:var(--awb-color5);--button_gradient_top_color_hover:var(--awb-color5);--button_gradient_bottom_color_hover:var(--awb-color5);--button_margin-top:10px;--button_margin-bottom:20px;\" target=\"_self\" href=\"https:\/\/collegecardio.com\/index.php\/album-photos-19eme-congres\/\"><span class=\"fusion-button-text\">Album photos <\/span><\/a><\/div><\/div><\/div><\/div><\/div>\n","protected":false},"excerpt":{"rendered":"","protected":false},"author":3,"featured_media":0,"parent":0,"menu_order":0,"comment_status":"closed","ping_status":"closed","template":"100-width.php","meta":{"footnotes":""},"class_list":["post-477","page","type-page","status-publish","hentry"],"_links":{"self":[{"href":"https:\/\/collegecardio.com\/index.php\/wp-json\/wp\/v2\/pages\/477","targetHints":{"allow":["GET"]}}],"collection":[{"href":"https:\/\/collegecardio.com\/index.php\/wp-json\/wp\/v2\/pages"}],"about":[{"href":"https:\/\/collegecardio.com\/index.php\/wp-json\/wp\/v2\/types\/page"}],"author":[{"embeddable":true,"href":"https:\/\/collegecardio.com\/index.php\/wp-json\/wp\/v2\/users\/3"}],"replies":[{"embeddable":true,"href":"https:\/\/collegecardio.com\/index.php\/wp-json\/wp\/v2\/comments?post=477"}],"version-history":[{"count":2,"href":"https:\/\/collegecardio.com\/index.php\/wp-json\/wp\/v2\/pages\/477\/revisions"}],"predecessor-version":[{"id":479,"href":"https:\/\/collegecardio.com\/index.php\/wp-json\/wp\/v2\/pages\/477\/revisions\/479"}],"wp:attachment":[{"href":"https:\/\/collegecardio.com\/index.php\/wp-json\/wp\/v2\/media?parent=477"}],"curies":[{"name":"wp","href":"https:\/\/api.w.org\/{rel}","templated":true}]}}