{"id":7,"date":"2024-03-19T13:54:14","date_gmt":"2024-03-19T13:54:14","guid":{"rendered":"https:\/\/collegecardio.com\/?page_id=7"},"modified":"2024-03-19T20:12:21","modified_gmt":"2024-03-19T20:12:21","slug":"bureau","status":"publish","type":"page","link":"https:\/\/collegecardio.com\/index.php\/bureau\/","title":{"rendered":"Bureau"},"content":{"rendered":"<p><div class=\"fusion-fullwidth fullwidth-box fusion-builder-row-1 fusion-flex-container has-pattern-background has-mask-background nonhundred-percent-fullwidth non-hundred-percent-height-scrolling\" style=\"--awb-border-radius-top-left:0px;--awb-border-radius-top-right:0px;--awb-border-radius-bottom-right:0px;--awb-border-radius-bottom-left:0px;\" ><div class=\"fusion-builder-row fusion-row fusion-flex-align-items-flex-start\" style=\"max-width:1248px;margin-left: calc(-4% \/ 2 );margin-right: calc(-4% \/ 2 );\"><div class=\"fusion-layout-column fusion_builder_column fusion-builder-column-0 fusion_builder_column_1_1 1_1 fusion-flex-column\" style=\"--awb-bg-size:cover;--awb-width-large:100%;--awb-margin-top-large:0px;--awb-spacing-right-large:1.92%;--awb-margin-bottom-large:20px;--awb-spacing-left-large:1.92%;--awb-width-medium:100%;--awb-order-medium:0;--awb-spacing-right-medium:1.92%;--awb-spacing-left-medium:1.92%;--awb-width-small:100%;--awb-order-small:0;--awb-spacing-right-small:1.92%;--awb-spacing-left-small:1.92%;\"><div class=\"fusion-column-wrapper fusion-column-has-shadow fusion-flex-justify-content-flex-start fusion-content-layout-column\"><div class=\"fusion-title title fusion-title-1 fusion-title-center fusion-title-text fusion-title-size-two\" style=\"--awb-text-color:#a50031;\"><div class=\"title-sep-container title-sep-container-left\"><div class=\"title-sep sep-double sep-solid\" style=\"border-color:var(--awb-color3);\"><\/div><\/div><span class=\"awb-title-spacer\"><\/span><h2 class=\"title-heading-center\" style=\"margin:0;\">Bureau du CACL<\/h2><span class=\"awb-title-spacer\"><\/span><div class=\"title-sep-container title-sep-container-right\"><div class=\"title-sep sep-double sep-solid\" style=\"border-color:var(--awb-color3);\"><\/div><\/div><\/div><\/div><\/div><\/div><\/div><div class=\"fusion-fullwidth fullwidth-box fusion-builder-row-2 fusion-flex-container has-pattern-background has-mask-background nonhundred-percent-fullwidth non-hundred-percent-height-scrolling\" style=\"--awb-border-radius-top-left:0px;--awb-border-radius-top-right:0px;--awb-border-radius-bottom-right:0px;--awb-border-radius-bottom-left:0px;\" ><div class=\"fusion-builder-row fusion-row fusion-flex-align-items-flex-start\" style=\"max-width:1248px;margin-left: calc(-4% \/ 2 );margin-right: calc(-4% \/ 2 );\"><div class=\"fusion-layout-column fusion_builder_column fusion-builder-column-1 fusion_builder_column_1_1 1_1 fusion-flex-column\" style=\"--awb-bg-size:cover;--awb-width-large:100%;--awb-margin-top-large:0px;--awb-spacing-right-large:1.92%;--awb-margin-bottom-large:0px;--awb-spacing-left-large:1.92%;--awb-width-medium:100%;--awb-order-medium:0;--awb-spacing-right-medium:1.92%;--awb-spacing-left-medium:1.92%;--awb-width-small:100%;--awb-order-small:0;--awb-spacing-right-small:1.92%;--awb-spacing-left-small:1.92%;\"><div class=\"fusion-column-wrapper fusion-column-has-shadow fusion-flex-justify-content-flex-start fusion-content-layout-column\"><div class=\"fusion-text fusion-text-1\"><p style=\"text-align: center; color: rgb(0, 0, 0);\"><b data-fusion-font=\"true\" style=\"font-size: 25px;\">Pr\u00e9sident<\/b><\/p>\n<p style=\"text-align: center; color: rgb(0, 91, 196); font-size: 23px;\" data-fusion-font=\"true\"><b>M. Moualek<\/b><\/p>\n<p style=\"text-align: center; color: rgb(0, 0, 0);\"><b data-fusion-font=\"true\" style=\"font-size: 25px;\">Vice-Pr\u00e9sident repr\u00e9sentant de l\u2019ouest<\/b><\/p>\n<p style=\"text-align: center; color: rgb(0, 0, 0);\"><b data-fusion-font=\"true\" style=\"font-size: 22px; color: rgb(0, 91, 196);\">A. Chabane-sari<\/b><\/p>\n<p style=\"text-align: center; color: rgb(0, 0, 0);\"><b data-fusion-font=\"true\" style=\"font-size: 25px;\">Vice-Pr\u00e9sident repr\u00e9sentant de L\u2019est<\/b><\/p>\n<p style=\"text-align: center; color: rgb(0, 0, 0);\"><b data-fusion-font=\"true\" style=\"font-size: 23px; color: rgb(0, 91, 196);\">C. El bekri<\/b><\/p>\n<p style=\"text-align: center; color: rgb(0, 0, 0); font-size: 25px;\" data-fusion-font=\"true\"><b>Vice-Pr\u00e9sident repr\u00e9sentant de Sud<\/b><\/p>\n<p style=\"text-align: center; color: rgb(0, 0, 0);\"><b><span style=\"color: rgb(0, 91, 196); font-size: 22px;\" data-fusion-font=\"true\">M.L. <\/span><span data-fusion-font=\"true\" style=\"font-size: 22px;\"><span style=\"color: rgb(0, 91, 196); font-size: 22px;\" data-fusion-font=\"true\">Debabeche<\/span><\/span><\/b><\/p>\n<p style=\"text-align: center; color: rgb(0, 0, 0);\"><b data-fusion-font=\"true\" style=\"font-size: 25px;\">Secr\u00e9taire g\u00e9n\u00e9ral<\/b><\/p>\n<p style=\"text-align: center; color: rgb(0, 0, 0);\"><b style=\"color: rgb(0, 91, 196); font-size: 22px;\" data-fusion-font=\"true\">A. Menai<\/b><\/p>\n<p style=\"text-align: center; color: rgb(0, 0, 0); font-size: 25px;\" data-fusion-font=\"true\"><b>Secr\u00e9taire g\u00e9n\u00e9ral Adjoint<\/b><\/p>\n<p style=\"text-align: center; color: rgb(0, 0, 0);\"><b style=\"color: rgb(0, 91, 196); font-size: 22px;\" data-fusion-font=\"true\">C. Tchouar<\/b><\/p>\n<p style=\"text-align: center; color: rgb(0, 0, 0);\"><b data-fusion-font=\"true\" style=\"font-size: 25px;\">Tr\u00e9sorier<\/b><\/p>\n<p style=\"text-align: center; color: rgb(0, 0, 0);\"><b style=\"color: rgb(0, 91, 196); font-size: 22px;\" data-fusion-font=\"true\">Dr. Djeroud<\/b><\/p>\n<p style=\"text-align: center; color: rgb(0, 0, 0);\"><b style=\"color: rgb(0, 91, 196); font-size: 22px;\" data-fusion-font=\"true\">M.Ouali<\/b><\/p>\n<p style=\"text-align: center; color: rgb(0, 0, 0);\"><b data-fusion-font=\"true\" style=\"font-size: 25px;\">Tr\u00e9sorier adjoint<\/b><\/p>\n<p style=\"text-align: center; color: rgb(0, 0, 0);\"><b style=\"color: rgb(0, 91, 196); font-size: 22px;\" data-fusion-font=\"true\">F. Latreche<\/b><\/p>\n<p style=\"text-align: center; color: rgb(0, 0, 0);\"><b data-fusion-font=\"true\" style=\"font-size: 25px;\">Assesseurs<\/b><\/p>\n<p style=\"text-align: center; color: rgb(0, 0, 0);\"><b style=\"color: rgb(0, 91, 196); font-size: 22px;\" data-fusion-font=\"true\">L. Belmahdi<\/b><\/p>\n<p style=\"text-align: center; color: rgb(0, 0, 0);\"><b style=\"color: rgb(0, 91, 196); font-size: 22px;\" data-fusion-font=\"true\">R. Hamdi<\/b><\/p>\n<p style=\"text-align: center; color: rgb(0, 0, 0);\"><b style=\"color: rgb(0, 91, 196); font-size: 22px;\" data-fusion-font=\"true\">A. Korso-Feciane<\/b><\/p>\n<p style=\"text-align: center; color: rgb(0, 0, 0);\"><b style=\"color: rgb(0, 91, 196); font-size: 22px;\" data-fusion-font=\"true\">DJ. Ould-Slimane<\/b><\/p>\n<\/div><\/div><\/div><\/div><\/div><\/p>\n","protected":false},"excerpt":{"rendered":"","protected":false},"author":1,"featured_media":0,"parent":0,"menu_order":0,"comment_status":"closed","ping_status":"closed","template":"100-width.php","meta":{"footnotes":""},"class_list":["post-7","page","type-page","status-publish","hentry"],"_links":{"self":[{"href":"https:\/\/collegecardio.com\/index.php\/wp-json\/wp\/v2\/pages\/7","targetHints":{"allow":["GET"]}}],"collection":[{"href":"https:\/\/collegecardio.com\/index.php\/wp-json\/wp\/v2\/pages"}],"about":[{"href":"https:\/\/collegecardio.com\/index.php\/wp-json\/wp\/v2\/types\/page"}],"author":[{"embeddable":true,"href":"https:\/\/collegecardio.com\/index.php\/wp-json\/wp\/v2\/users\/1"}],"replies":[{"embeddable":true,"href":"https:\/\/collegecardio.com\/index.php\/wp-json\/wp\/v2\/comments?post=7"}],"version-history":[{"count":4,"href":"https:\/\/collegecardio.com\/index.php\/wp-json\/wp\/v2\/pages\/7\/revisions"}],"predecessor-version":[{"id":186,"href":"https:\/\/collegecardio.com\/index.php\/wp-json\/wp\/v2\/pages\/7\/revisions\/186"}],"wp:attachment":[{"href":"https:\/\/collegecardio.com\/index.php\/wp-json\/wp\/v2\/media?parent=7"}],"curies":[{"name":"wp","href":"https:\/\/api.w.org\/{rel}","templated":true}]}}